{"id":189,"date":"2021-01-31T12:33:52","date_gmt":"2021-01-31T12:33:52","guid":{"rendered":"https:\/\/www.publiciti.es\/grupo_de_alojamiento_turistico\/?page_id=189"},"modified":"2024-11-12T08:44:37","modified_gmt":"2024-11-12T08:44:37","slug":"the-hamlet","status":"publish","type":"page","link":"https:\/\/xuq.im3dia.net\/grupo_de_alojamiento_turistico\/the-hamlet\/","title":{"rendered":"THE HAMLET"},"content":{"rendered":"<p>[ux_slider style=\u00bbcontainer\u00bb slide_width=\u00bb100%\u00bb bg_color=\u00bbrgb(0,0,0)\u00bb hide_nav=\u00bbtrue\u00bb pause_hover=\u00bbfalse\u00bb]<\/p>\n<p>[ux_banner height=\u00bb100%\u00bb slide_effect=\u00bbzoom-in\u00bb bg=\u00bb414&#8243; bg_size=\u00bboriginal\u00bb bg_pos=\u00bb29% 61%\u00bb]<\/p>\n<p>[text_box width=\u00bb65&#8243; width__sm=\u00bb89&#8243; animate=\u00bbbounceIn\u00bb position_x=\u00bb50&#8243; position_x__sm=\u00bb50&#8243; position_y=\u00bb50&#8243; text_depth=\u00bb5&#8243;]<\/p>\n<p>[title style=\u00bbcenter\u00bb text=\u00bbTHE HAMLET\u00bb tag_name=\u00bbh1&#8243; size=\u00bb181&#8243;]<\/p>\n<p>[\/text_box]<\/p>\n<p>[\/ux_banner]<\/p>\n<p>[\/ux_slider]<br \/>\n[row padding=\u00bb0px 0px 0px 0px\u00bb]<\/p>\n<p>[col span__sm=\u00bb12&#8243; padding=\u00bb0px 0px 5px 0px\u00bb margin=\u00bb-147px 0px 0px 0px\u00bb margin__sm=\u00bb-125px 0px 0px 0px\u00bb align=\u00bbcenter\u00bb bg_color=\u00bbrgb(0,0,0)\u00bb color=\u00bblight\u00bb]<\/p>\n<p><i>  <div  id=\"avirato_container\" style=\"  margin:0 auto; width:100%;z-index: 900;\">\r\n      <div class=\"avirato_form\" >\r\n\r\n      <form id=\"form_avirato\" class=\"simpleCal\" action=\"https:\/\/avirato.com\/motor_reservas\/reserva_online.php?code=88056975&id_habitacion=24\" target=\"_blank\" method=\"POST\">\r\n      <div>\r\n      <input  placeholder=\"Llegada\" type=\"text\" id=\"date-picker-1-22\" readonly=\"readonly\" style=\"\" name=\"from\" > <span class=\"material-icons iconAv\">event<\/span>\r\n      <\/div>\r\n      <div>\r\n      <input  placeholder=\"Salida\" type=\"text\" id=\"date-picker-2-22\" readonly=\"readonly\" name=\"to\" style=\"\" ><span class=\"material-icons iconAv\">event<\/span>\r\n      <\/div>\r\n      <div>\r\n      <input type=\"text\" id=\"prom\" name=\"cod_promocional\" placeholder=\"C\u00f3digo Promocional\">\r\n      <\/div>\r\n      <div>\r\n      <input class=\"btn\" style=\"\" id=\"check-availability\" type=\"submit\" value=\"Reservar\">\r\n      <\/div>\r\n      <\/form>\r\n      <\/div>\r\n      <\/div>\r\n      <\/i><\/p>\n<p>[\/col]<\/p>\n<p>[\/row]<br \/>\n[section bg_color=\u00bbrgb(255,255,255)\u00bb padding=\u00bb0px\u00bb]<\/p>\n<p>[row]<\/p>\n<p>[col span__sm=\u00bb12&#8243;]<\/p>\n<p>[gap height=\u00bb0px\u00bb]<\/p>\n<h1 style=\"text-align: center;\"><span style=\"font-size: 160%;\">THE HAMLET<br \/><\/span><\/h1>\n<h3 style=\"text-align: center;\">Creemos en las experiencias y tienes derecho a disfrutar de la experiencia XUQ junto a tus amigos o familia. THE HAMLET es nuestra oferta grupal donde vivir una escapada memorable en una tradicional villa\/mas\u00eda manchega privada, rehabilitada con mucho estilo, ni te cuento. Desde el porche disfrutar\u00e1s de la vida al aire libre con esas largas noches de conversaciones, risas y jaleos, pero sobre todo sentir\u00e1s el relax que se apodera de cada rinc\u00f3n y lo envuelve todo.<\/h3>\n<p>[\/col]<\/p>\n<p>[\/row]<\/p>\n<p>[\/section]<br \/>\n[row style=\u00bbcollapse\u00bb col_bg=\u00bbrgb(0,0,0)\u00bb width=\u00bbfull-width\u00bb]<\/p>\n<p>[col span__sm=\u00bb12&#8243;]<\/p>\n<p>[ux_slider hide_nav=\u00bbtrue\u00bb pause_hover=\u00bbfalse\u00bb]<\/p>\n<p>[ux_banner height=\u00bb750px\u00bb height__sm=\u00bb400px\u00bb bg=\u00bb2588&#8243; bg_size=\u00bboriginal\u00bb bg_color=\u00bbrgb(0,0,0)\u00bb bg_pos=\u00bb63% 21%\u00bb]<\/p>\n<p>[\/ux_banner]<br \/>\n[ux_banner height=\u00bb750px\u00bb height__sm=\u00bb400px\u00bb bg=\u00bb2580&#8243; bg_size=\u00bboriginal\u00bb bg_color=\u00bbrgb(0,0,0)\u00bb bg_pos=\u00bb41% 78%\u00bb]<\/p>\n<p>[\/ux_banner]<br \/>\n[ux_banner height=\u00bb750px\u00bb height__sm=\u00bb400px\u00bb bg=\u00bb2579&#8243; bg_size=\u00bboriginal\u00bb bg_color=\u00bbrgb(0,0,0)\u00bb]<\/p>\n<p>[\/ux_banner]<br \/>\n[ux_banner height=\u00bb750px\u00bb height__sm=\u00bb400px\u00bb bg=\u00bb2576&#8243; bg_size=\u00bboriginal\u00bb bg_color=\u00bbrgb(0,0,0)\u00bb bg_pos=\u00bb10% 55%\u00bb]<\/p>\n<p>[\/ux_banner]<br \/>\n[ux_banner height=\u00bb750px\u00bb height__sm=\u00bb400px\u00bb bg=\u00bb2583&#8243; bg_size=\u00bboriginal\u00bb bg_color=\u00bbrgb(0,0,0)\u00bb bg_pos=\u00bb10% 55%\u00bb]<\/p>\n<p>[\/ux_banner]<br \/>\n[ux_banner height=\u00bb750px\u00bb height__sm=\u00bb400px\u00bb bg=\u00bb2582&#8243; bg_size=\u00bboriginal\u00bb bg_color=\u00bbrgb(0,0,0)\u00bb bg_pos=\u00bb10% 90%\u00bb]<\/p>\n<p>[\/ux_banner]<br \/>\n[ux_banner height=\u00bb750px\u00bb height__sm=\u00bb400px\u00bb bg=\u00bb2586&#8243; bg_size=\u00bboriginal\u00bb bg_color=\u00bbrgb(0,0,0)\u00bb bg_pos=\u00bb10% 90%\u00bb]<\/p>\n<p>[\/ux_banner]<br \/>\n[ux_banner height=\u00bb750px\u00bb height__sm=\u00bb400px\u00bb bg=\u00bb2574&#8243; bg_size=\u00bboriginal\u00bb bg_color=\u00bbrgb(0,0,0)\u00bb bg_pos=\u00bb10% 90%\u00bb]<\/p>\n<p>[\/ux_banner]<br \/>\n[ux_banner height=\u00bb750px\u00bb height__sm=\u00bb400px\u00bb bg=\u00bb2578&#8243; bg_size=\u00bboriginal\u00bb bg_color=\u00bbrgb(0,0,0)\u00bb bg_pos=\u00bb10% 90%\u00bb]<\/p>\n<p>[\/ux_banner]<\/p>\n<p>[\/ux_slider]<\/p>\n<p>[\/col]<\/p>\n<p>[\/row]<br \/>\n[section bg_color=\u00bbrgb(255,255,255)\u00bb]<\/p>\n<p>[row]<\/p>\n<p>[col span__sm=\u00bb12&#8243;]<\/p>\n<p>[gap height=\u00bb59px\u00bb]<\/p>\n<h3 style=\"text-align: center;\">La chimenea os recoger\u00e1, tan calentitos&#8230; y la piscina balinesa os dar\u00e1 la vida, en definitiva una casa entre dentro y fuera. La villa est\u00e1 pensada para disfrutar de una escapada cuidada al m\u00e1ximo con espacios llenos de funcionalidad y mobiliario muy \u201chygge\u201d. \u00bfBuscando un lugar a la altura? THE HAMLET sorprende.<\/h3>\n<p>[gap height__sm=\u00bb21px\u00bb]<\/p>\n<p>[\/col]<\/p>\n<p>[\/row]<\/p>\n<p>[\/section]<br \/>\n[ux_banner height=\u00bb550px\u00bb height__sm=\u00bb400px\u00bb bg=\u00bb2584&#8243; bg_size=\u00bboriginal\u00bb bg_color=\u00bbrgb(0,0,0)\u00bb bg_pos=\u00bb35% 66%\u00bb parallax=\u00bb4&#8243;]<\/p>\n<p>[text_box width__sm=\u00bb100&#8243; scale__sm=\u00bb75&#8243; animate=\u00bbbounceIn\u00bb position_x=\u00bb50&#8243; position_y=\u00bb50&#8243; position_y__sm=\u00bb50&#8243; text_depth=\u00bb5&#8243;]<\/p>\n<h1 style=\"text-align: center;\"><span style=\"font-size: 160%;\">DESIGN YOUR EXPERIENCE<\/span><\/h1>\n<p>[\/text_box]<\/p>\n<p>[\/ux_banner]<br \/>\n[section bg_color=\u00bbrgb(0,0,0)\u00bb]<\/p>\n<p>[row style=\u00bbcollapse\u00bb col_bg=\u00bbrgb(0,0,0)\u00bb width=\u00bbfull-width\u00bb]<\/p>\n<p>[col span__sm=\u00bb12&#8243; align=\u00bbcenter\u00bb bg_color=\u00bbrgb(0,0,0)\u00bb color=\u00bblight\u00bb]<\/p>\n<h1 style=\"text-align: center;\"><span style=\"font-size: 160%;\">VILLA THE HAMLET<br \/><\/span><\/h1>\n<p>[accordion]<\/p>\n<p>[accordion-item title=\u00bbLOCALIZACI\u00d3N\u00bb]<\/p>\n<p>[row_inner width=\u00bbfull-width\u00bb h_align=\u00bbcenter\u00bb]<\/p>\n<p>[col_inner span__sm=\u00bb12&#8243; align=\u00bbcenter\u00bb]<\/p>\n<p style=\"text-align: center;\">UBICACI\u00d3N<\/p>\n<p><iframe style=\"border: 0;\" tabindex=\"0\" src=\"https:\/\/www.google.com\/maps\/embed?pb=!1m18!1m12!1m3!1d3087.257000884158!2d-1.6614148845551837!3d39.3050975795098!2m3!1f0!2f0!3f0!3m2!1i1024!2i768!4f13.1!3m3!1m2!1s0xd66e2a10b0188bf%3A0x21d018a5996e1386!2sCalle%20Jos%C3%A9%20Mar%C3%ADa%20Pem%C3%A1n%2C%2015%2C%2002247%20Cenizate%2C%20Albacete!5e0!3m2!1ses!2ses!4v1612916753173!5m2!1ses!2ses\" width=\"600\" height=\"450\" frameborder=\"0\" allowfullscreen=\"allowfullscreen\" aria-hidden=\"false\"><\/iframe><\/p>\n<p>[\/col_inner]<\/p>\n<p>[\/row_inner]<\/p>\n<p>[\/accordion-item]<\/p>\n<p>[\/accordion]<\/p>\n<p>[\/col]<\/p>\n<p>[\/row]<\/p>\n<p>[\/section]<\/p>\n","protected":false},"excerpt":{"rendered":"<p>[ux_slider style=\u00bbcontainer\u00bb slide_width=\u00bb100%\u00bb bg_color=\u00bbrgb(0,0,0)\u00bb hide_nav=\u00bbtrue\u00bb pause_hover=\u00bbfalse\u00bb] [ux_banner height=\u00bb100%\u00bb slide_effect=\u00bbzoom-in\u00bb bg=\u00bb414&#8243; bg_size=\u00bboriginal\u00bb bg_pos=\u00bb29% 61%\u00bb] [text_box width=\u00bb65&#8243; width__sm=\u00bb89&#8243; animate=\u00bbbounceIn\u00bb position_x=\u00bb50&#8243; position_x__sm=\u00bb50&#8243; position_y=\u00bb50&#8243; text_depth=\u00bb5&#8243;] [title style=\u00bbcenter\u00bb text=\u00bbTHE HAMLET\u00bb tag_name=\u00bbh1&#8243; size=\u00bb181&#8243;] [\/text_box] [\/ux_banner] [\/ux_slider] [row padding=\u00bb0px 0px 0px 0px\u00bb] [col span__sm=\u00bb12&#8243; padding=\u00bb0px 0px 5px 0px\u00bb margin=\u00bb-147px 0px 0px 0px\u00bb margin__sm=\u00bb-125px 0px 0px 0px\u00bb align=\u00bbcenter\u00bb bg_color=\u00bbrgb(0,0,0)\u00bb color=\u00bblight\u00bb] [\/col] [\/row] [section [&hellip;]<\/p>\n","protected":false},"author":1,"featured_media":0,"parent":0,"menu_order":0,"comment_status":"closed","ping_status":"closed","template":"page-transparent-header.php","meta":{"footnotes":""},"class_list":["post-189","page","type-page","status-publish","hentry"],"_links":{"self":[{"href":"https:\/\/xuq.im3dia.net\/grupo_de_alojamiento_turistico\/wp-json\/wp\/v2\/pages\/189","targetHints":{"allow":["GET"]}}],"collection":[{"href":"https:\/\/xuq.im3dia.net\/grupo_de_alojamiento_turistico\/wp-json\/wp\/v2\/pages"}],"about":[{"href":"https:\/\/xuq.im3dia.net\/grupo_de_alojamiento_turistico\/wp-json\/wp\/v2\/types\/page"}],"author":[{"embeddable":true,"href":"https:\/\/xuq.im3dia.net\/grupo_de_alojamiento_turistico\/wp-json\/wp\/v2\/users\/1"}],"replies":[{"embeddable":true,"href":"https:\/\/xuq.im3dia.net\/grupo_de_alojamiento_turistico\/wp-json\/wp\/v2\/comments?post=189"}],"version-history":[{"count":3,"href":"https:\/\/xuq.im3dia.net\/grupo_de_alojamiento_turistico\/wp-json\/wp\/v2\/pages\/189\/revisions"}],"predecessor-version":[{"id":5427,"href":"https:\/\/xuq.im3dia.net\/grupo_de_alojamiento_turistico\/wp-json\/wp\/v2\/pages\/189\/revisions\/5427"}],"wp:attachment":[{"href":"https:\/\/xuq.im3dia.net\/grupo_de_alojamiento_turistico\/wp-json\/wp\/v2\/media?parent=189"}],"curies":[{"name":"wp","href":"https:\/\/api.w.org\/{rel}","templated":true}]}}