{"id":4708,"date":"2023-02-16T09:50:02","date_gmt":"2023-02-16T09:50:02","guid":{"rendered":"https:\/\/www.xuq.es\/grupo_de_alojamiento_turistico\/?page_id=4708"},"modified":"2024-11-12T08:42:08","modified_gmt":"2024-11-12T08:42:08","slug":"jaskyne","status":"publish","type":"page","link":"https:\/\/xuq.im3dia.net\/grupo_de_alojamiento_turistico\/jaskyne\/","title":{"rendered":"JASKYNE"},"content":{"rendered":"<p>[ux_slider style=\u00bbcontainer\u00bb slide_width=\u00bb100%\u00bb bg_color=\u00bbrgb(0,0,0)\u00bb hide_nav=\u00bbtrue\u00bb pause_hover=\u00bbfalse\u00bb]<\/p>\n<p>[ux_banner height=\u00bb100%\u00bb slide_effect=\u00bbzoom-in\u00bb bg=\u00bb5197&#8243; bg_size=\u00bboriginal\u00bb bg_pos=\u00bb40% 52%\u00bb]<\/p>\n<p>[text_box animate=\u00bbbounceIn\u00bb position_x=\u00bb50&#8243; position_x__sm=\u00bb5&#8243; position_y=\u00bb50&#8243; text_depth=\u00bb5&#8243;]<\/p>\n<p>[title style=\u00bbcenter\u00bb text=\u00bbJASKYNE\u00bb tag_name=\u00bbh1&#8243; size=\u00bb181&#8243;]<\/p>\n<p>[\/text_box]<\/p>\n<p>[\/ux_banner]<\/p>\n<p>[\/ux_slider]<br \/>\n[row padding=\u00bb0px 0px 0px 0px\u00bb]<\/p>\n<p>[col span__sm=\u00bb12&#8243; padding=\u00bb0px 0px 5px 0px\u00bb margin=\u00bb-147px 0px 0px 0px\u00bb margin__sm=\u00bb-125px 0px 0px 0px\u00bb align=\u00bbcenter\u00bb bg_color=\u00bbrgb(0,0,0)\u00bb color=\u00bblight\u00bb]<\/p>\n<p><i>  <div  id=\"avirato_container\" style=\"  margin:0 auto; width:100%;z-index: 900;\">\r\n      <div class=\"avirato_form\" >\r\n\r\n      <form id=\"form_avirato\" class=\"simpleCal\" action=\"https:\/\/avirato.com\/motor_reservas\/reserva_online.php?code=88056975&id_habitacion=54\" target=\"_blank\" method=\"POST\">\r\n      <div>\r\n      <input  placeholder=\"Llegada\" type=\"text\" id=\"date-picker-1-29\" readonly=\"readonly\" style=\"\" name=\"from\" > <span class=\"material-icons iconAv\">event<\/span>\r\n      <\/div>\r\n      <div>\r\n      <input  placeholder=\"Salida\" type=\"text\" id=\"date-picker-2-29\" readonly=\"readonly\" name=\"to\" style=\"\" ><span class=\"material-icons iconAv\">event<\/span>\r\n      <\/div>\r\n      <div>\r\n      <input type=\"text\" id=\"prom\" name=\"cod_promocional\" placeholder=\"C\u00f3digo Promocional\">\r\n      <\/div>\r\n      <div>\r\n      <input class=\"btn\" style=\"\" id=\"check-availability\" type=\"submit\" value=\"Reservar\">\r\n      <\/div>\r\n      <\/form>\r\n      <\/div>\r\n      <\/div>\r\n      <\/i><\/p>\n<p>[\/col]<\/p>\n<p>[\/row]<br \/>\n[section bg_color=\u00bbrgb(255,255,255)\u00bb padding=\u00bb0px\u00bb]<\/p>\n<p>[row]<\/p>\n<p>[col span__sm=\u00bb12&#8243;]<\/p>\n<p>[gap height=\u00bb0px\u00bb]<\/p>\n<h1 style=\"text-align: center;\"><span style=\"font-size: 160%;\">JASKYNE<\/span><\/h1>\n<h3 style=\"text-align: center;\" align=\"JUSTIFY\">Nuestra nueva Cave Villa JASKYNE es una cueva milenaria, que ha sido rehabilitada \u00edntegramente en 2024, conservando la esencia que le caracterizaba y adapt\u00e1ndola a las nuevas necesidades con todo lujo de detalles. Consta de 60 m2, divididos en dos plantas, una primera planta, con un amplio sal\u00f3n de dise\u00f1o donde fusiona con una cocina completamente equipada. En esta planta tambi\u00e9n se ubica un espectacular jacuzzi privado climatizado, abrazado por el macizo rocoso.<\/h3>\n<p>[\/col]<\/p>\n<p>[\/row]<\/p>\n<p>[\/section]<br \/>\n[row style=\u00bbcollapse\u00bb col_bg=\u00bbrgb(0,0,0)\u00bb width=\u00bbfull-width\u00bb]<\/p>\n<p>[col span__sm=\u00bb12&#8243;]<\/p>\n<p>[ux_slider hide_nav=\u00bbtrue\u00bb pause_hover=\u00bbfalse\u00bb]<\/p>\n<p>[ux_banner height=\u00bb750px\u00bb height__sm=\u00bb400px\u00bb bg=\u00bb5198&#8243; bg_size=\u00bboriginal\u00bb bg_color=\u00bbrgb(0,0,0)\u00bb bg_pos=\u00bb25% 90%\u00bb]<\/p>\n<p>[\/ux_banner]<br \/>\n[ux_banner height=\u00bb750px\u00bb height__sm=\u00bb400px\u00bb bg=\u00bb5199&#8243; bg_size=\u00bboriginal\u00bb bg_color=\u00bbrgb(0,0,0)\u00bb bg_pos=\u00bb25% 80%\u00bb]<\/p>\n<p>[\/ux_banner]<br \/>\n[ux_banner height=\u00bb750px\u00bb height__sm=\u00bb400px\u00bb bg=\u00bb5200&#8243; bg_size=\u00bboriginal\u00bb bg_color=\u00bbrgb(0,0,0)\u00bb bg_pos=\u00bb25% 80%\u00bb]<\/p>\n<p>[\/ux_banner]<br \/>\n[ux_banner height=\u00bb750px\u00bb height__sm=\u00bb400px\u00bb bg=\u00bb5201&#8243; bg_size=\u00bboriginal\u00bb bg_color=\u00bbrgb(0,0,0)\u00bb bg_pos=\u00bb25% 80%\u00bb]<\/p>\n<p>[\/ux_banner]<br \/>\n[ux_banner height=\u00bb750px\u00bb height__sm=\u00bb400px\u00bb bg=\u00bb5202&#8243; bg_size=\u00bboriginal\u00bb bg_color=\u00bbrgb(0,0,0)\u00bb bg_pos=\u00bb25% 80%\u00bb]<\/p>\n<p>[\/ux_banner]<br \/>\n[ux_banner height=\u00bb750px\u00bb height__sm=\u00bb400px\u00bb bg=\u00bb5203&#8243; bg_size=\u00bboriginal\u00bb bg_color=\u00bbrgb(0,0,0)\u00bb bg_pos=\u00bb25% 80%\u00bb]<\/p>\n<p>[\/ux_banner]<\/p>\n<p>[\/ux_slider]<\/p>\n<p>[\/col]<\/p>\n<p>[\/row]<br \/>\n[section bg_color=\u00bbrgb(255,255,255)\u00bb padding=\u00bb50px\u00bb]<\/p>\n<p>[row]<\/p>\n<p>[col span__sm=\u00bb12&#8243;]<\/p>\n<p>[gap height=\u00bb0px\u00bb]<\/p>\n<h3 style=\"text-align: center;\" align=\"JUSTIFY\">En la segunda planta nos encontramos con un espacio di\u00e1fano y desenfadado con una cama KING SIZE, donde no habr\u00e1 una mejor experiencia que un despertar con unas vistas desde la cama a la Hoz del r\u00edo J\u00facar. Y esto no es todo, nuestra Cave Villa JASKYNE, tambi\u00e9n cuenta con una piscina privada (no climatizada), donde podr\u00e1s ba\u00f1arte disfrutando de las vistas al mismo ca\u00f1\u00f3n del J\u00facar.<\/h3>\n<p>[\/col]<\/p>\n<p>[\/row]<\/p>\n<p>[\/section]<br \/>\n[section bg_color=\u00bbrgb(0,0,0)\u00bb padding=\u00bb0px\u00bb border=\u00bb0px 0px 0px 0px\u00bb border_margin=\u00bb-1px 0px 0px 0px\u00bb]<\/p>\n<p>[row style=\u00bbcollapse\u00bb col_bg=\u00bbrgb(0,0,0)\u00bb width=\u00bbfull-width\u00bb padding=\u00bb0px 0px 0px 0px\u00bb padding__sm=\u00bb0px 0px 0px 0px\u00bb]<\/p>\n<p>[col span=\u00bb5&#8243; span__sm=\u00bb10&#8243; padding=\u00bb10px 0px 0px 0px\u00bb margin=\u00bb0px 0px 0px 21px\u00bb bg_color=\u00bbrgb(0,0,0)\u00bb color=\u00bblight\u00bb visibility=\u00bbhide-for-small\u00bb]<\/p>\n<p>[gap height=\u00bb5px\u00bb]<\/p>\n<p>[row_inner padding=\u00bb0px 0px 0px 0px\u00bb padding__sm=\u00bb0px 0px 0px 0px\u00bb]<\/p>\n<p>[col_inner span__sm=\u00bb10&#8243; divider=\u00bb0&#8243; margin=\u00bb33px 0px -54px 0px\u00bb align=\u00bbcenter\u00bb]<\/p>\n<h1 style=\"text-align: center;\"><span style=\"font-size: 400%; color: #333333;\">JASKYNE<\/span><\/h1>\n<p>[\/col_inner]<\/p>\n<p>[\/row_inner]<br \/>\n[row_inner padding=\u00bb0px 0px 0px 0px\u00bb]<\/p>\n<p>[col_inner span__sm=\u00bb12&#8243; padding=\u00bb0px 0px 0px 0px\u00bb margin=\u00bb3px 0px -37px 0px\u00bb]<\/p>\n<h2 style=\"text-align: center;\"><span style=\"color: #333333;\"><span style=\"font-size: 120%;\">LOMAS DE RUVIRA<\/span><br \/>\n<\/span><\/h2>\n<p>[\/col_inner]<\/p>\n<p>[\/row_inner]<\/p>\n<p>[\/col]<br \/>\n[col span=\u00bb4&#8243; span__sm=\u00bb12&#8243; bg_color=\u00bbrgb(0,0,0)\u00bb color=\u00bblight\u00bb]<\/p>\n<p>[row_inner width=\u00bbfull-width\u00bb]<\/p>\n<p>[col_inner span__sm=\u00bb12&#8243; padding=\u00bb41px 0px 0px 0px\u00bb margin=\u00bb0px 0px -49px 41px\u00bb align=\u00bbcenter\u00bb]<\/p>\n<div class=\"text dark\">\n<div class=\"text-inner text-center\">\n<h1 class=\"uppercase\" style=\"text-align: left;\"><span style=\"font-size: 140%;\">cave VILLA <\/span><span style=\"font-size: 140%;\">JASKYNE<br \/><\/span><\/h1>\n<div id=\"text-block-6\" class=\"mk-text-block\">\n<p style=\"text-align: left;\">Capacidad m\u00e1xima: 2 personas (ONLY ADULTS)<br \/>N\u00ba camas: 1 de matrimonio<br \/>N\u00ba ba\u00f1os: 1<\/p>\n<\/div>\n<\/div>\n<\/div>\n<p>[\/col_inner]<\/p>\n<p>[\/row_inner]<\/p>\n<p>[\/col]<br \/>\n[col span=\u00bb3&#8243; span__sm=\u00bb12&#8243; padding=\u00bb21px 0px 0px 0px\u00bb align=\u00bbleft\u00bb bg_color=\u00bbrgb(0,0,0)\u00bb color=\u00bblight\u00bb]<\/p>\n<p>[gap]<\/p>\n<p>[row_inner padding=\u00bb0px 0px 0px 0px\u00bb]<\/p>\n<p>[col_inner span=\u00bb10&#8243; span__sm=\u00bb10&#8243; padding=\u00bb0px 0px 0px 0px\u00bb margin=\u00bb5px 0px -14px 25px\u00bb]<\/p>\n<p style=\"text-align: center;\"><span style=\"font-size: 85%;\">\u00a1S\u00e9 originall y regala algo diferente! Regala una noche en XUQ, incluyendo alojamiento, desayuno y un \u00abpack experience\u00bb de una cata de vino en una bodega cercana.<\/span><\/p>\n<p>[\/col_inner]<br \/>\n[col_inner span__sm=\u00bb12&#8243; margin=\u00bb-18px 0px 0px 0px\u00bb align=\u00bbcenter\u00bb]<\/p>\n<p>[ux_image id=\u00bb763&#8243; width=\u00bb68&#8243; depth=\u00bb2&#8243; depth_hover=\u00bb4&#8243; link=\u00bbhttps:\/\/www.xuq.es\/grupo_de_alojamiento_turistico\/regala-xuq\/\u00bb]<\/p>\n<p>[\/col_inner]<\/p>\n<p>[\/row_inner]<\/p>\n<p>[\/col]<\/p>\n<p>[\/row]<\/p>\n<p>[\/section]<br \/>\n[ux_banner height=\u00bb550px\u00bb height__sm=\u00bb400px\u00bb bg=\u00bb4986&#8243; bg_size=\u00bboriginal\u00bb bg_color=\u00bbrgb(0,0,0)\u00bb bg_pos=\u00bb36% 99%\u00bb parallax=\u00bb4&#8243;]<\/p>\n<p>[text_box width__sm=\u00bb100&#8243; scale__sm=\u00bb75&#8243; animate=\u00bbbounceIn\u00bb position_x=\u00bb50&#8243; position_y=\u00bb50&#8243; position_y__sm=\u00bb50&#8243; text_depth=\u00bb5&#8243;]<\/p>\n<h1 style=\"text-align: center;\"><span style=\"font-size: 160%;\">DESIGN YOUR EXPERIENCE<\/span><\/h1>\n<p>[\/text_box]<\/p>\n<p>[\/ux_banner]<br \/>\n[section bg_color=\u00bbrgb(0,0,0)\u00bb]<\/p>\n<p>[row style=\u00bbcollapse\u00bb col_bg=\u00bbrgb(0,0,0)\u00bb width=\u00bbfull-width\u00bb]<\/p>\n<p>[col span__sm=\u00bb12&#8243; align=\u00bbcenter\u00bb bg_color=\u00bbrgb(0,0,0)\u00bb color=\u00bblight\u00bb]<\/p>\n<h1 style=\"text-align: center;\"><span style=\"font-size: 160%;\">CAVE VILLA JASKYNE<br \/><\/span><\/h1>\n<p>[accordion]<\/p>\n<p>[accordion-item title=\u00bbLOCALIZACI\u00d3N\u00bb]<\/p>\n<p>[row_inner width=\u00bbfull-width\u00bb h_align=\u00bbcenter\u00bb]<\/p>\n<p>[col_inner span=\u00bb3&#8243; span__sm=\u00bb12&#8243; align=\u00bbcenter\u00bb]<\/p>\n<p style=\"text-align: center;\">UBICACI\u00d3N<\/p>\n<p><iframe style=\"border: 0;\" src=\"https:\/\/www.google.com\/maps\/embed?pb=!1m18!1m12!1m3!1d3093.578257631084!2d-1.560372684575287!3d39.161573023140306!2m3!1f0!2f0!3f0!3m2!1i1024!2i768!4f13.1!3m3!1m2!1s0x0%3A0xf9c87b015b7e58a!2sXUQ+grupo+de+alojamiento+tur%C3%ADstico!5e0!3m2!1ses!2ses!4v1500158171638\" width=\"600\" height=\"450\" frameborder=\"0\" allowfullscreen=\"allowfullscreen\"><\/iframe><\/p>\n<p>[\/col_inner]<br \/>\n[col_inner span=\u00bb3&#8243; span__sm=\u00bb12&#8243; align=\u00bbcenter\u00bb]<\/p>\n<p style=\"text-align: center;\">DESDE ALBACETE<\/p>\n<p><iframe style=\"border: 0;\" src=\"https:\/\/www.google.com\/maps\/embed?pb=!1m34!1m12!1m3!1d198207.56882732656!2d-1.8251725874926281!3d39.08385119551391!2m3!1f0!2f0!3f0!3m2!1i1024!2i768!4f13.1!4m19!3e0!4m5!1s0xd665fe2fb218d15%3A0x8269cd31d6186180!2sAlbacete%2C+Espa%C3%B1a!3m2!1d38.994349!2d-1.8585424!4m5!1s0xd66e9aae12fb539%3A0xd7037f269f1315ad!2zQ2FzYXMgZGUgSnVhbiBOw7rDsWV6LCBFc3Bhw7Fh!3m2!1d39.100201!2d-1.5578697!4m5!1s0xd66e7cb16dc5189%3A0xf9c87b015b7e58a!2sXUQ+grupo+de+alojamiento+tur%C3%ADstico%2C+B-5%2C+8%2C+02249+Jorquera%2C+Albacete%2C+Espa%C3%B1a!3m2!1d39.1613563!2d-1.5581623999999998!5e0!3m2!1ses!2ses!4v1500159878746\" width=\"600\" height=\"450\" frameborder=\"0\" allowfullscreen=\"allowfullscreen\"><\/iframe><\/p>\n<p>[\/col_inner]<br \/>\n[col_inner span=\u00bb3&#8243; span__sm=\u00bb12&#8243; align=\u00bbcenter\u00bb]<\/p>\n<p style=\"text-align: center;\">DESDE VALENCIA<\/p>\n<p><iframe style=\"border: 0;\" src=\"https:\/\/www.google.com\/maps\/embed?pb=!1m34!1m12!1m3!1d1580264.0923153975!2d-2.089834554298239!3d39.32331406643359!2m3!1f0!2f0!3f0!3m2!1i1024!2i768!4f13.1!4m19!3e0!4m5!1s0xd604f4cf0efb06f%3A0xb4a351011f7f1d39!2sValencia%2C+Espa%C3%B1a!3m2!1d39.4699075!2d-0.37628809999999996!4m5!1s0xd66e7880f6a9f13%3A0xf6c49b859ae89399!2sJorquera%2C+Albacete%2C+Espa%C3%B1a!3m2!1d39.175030199999995!2d-1.5214676!4m5!1s0xd66e7cb16dc5189%3A0xf9c87b015b7e58a!2sXUQ+grupo+de+alojamiento+tur%C3%ADstico%2C+B-5%2C+8%2C+02249+Jorquera%2C+Albacete%2C+Espa%C3%B1a!3m2!1d39.1613563!2d-1.5581623999999998!5e0!3m2!1ses!2ses!4v1500160386383\" width=\"600\" height=\"450\" frameborder=\"0\" allowfullscreen=\"allowfullscreen\"><\/iframe><\/p>\n<p>[\/col_inner]<br \/>\n[col_inner span=\u00bb3&#8243; span__sm=\u00bb12&#8243; align=\u00bbcenter\u00bb]<\/p>\n<p style=\"text-align: center;\">DESDE MADRID<\/p>\n<p><iframe style=\"border: 0;\" src=\"https:\/\/www.google.com\/maps\/embed?pb=!1m34!1m12!1m3!1d3150898.8132818574!2d-4.765581109827094!3d39.535934567753095!2m3!1f0!2f0!3f0!3m2!1i1024!2i768!4f13.1!4m19!3e0!4m5!1s0xd422997800a3c81%3A0xc436dec1618c2269!2zTWFkcmlkLCBFc3Bhw7Fh!3m2!1d40.4167754!2d-3.7037902!4m5!1s0xd66e7880f6a9f13%3A0xf6c49b859ae89399!2sJorquera%2C+Albacete%2C+Espa%C3%B1a!3m2!1d39.175030199999995!2d-1.5214676!4m5!1s0xd66e7cb16dc5189%3A0xf9c87b015b7e58a!2sXUQ+grupo+de+alojamiento+tur%C3%ADstico%2C+B-5%2C+8%2C+02249+Jorquera%2C+Albacete%2C+Espa%C3%B1a!3m2!1d39.1613563!2d-1.5581623999999998!5e0!3m2!1ses!2ses!4v1500160297328\" width=\"600\" height=\"450\" frameborder=\"0\" allowfullscreen=\"allowfullscreen\"><\/iframe><\/p>\n<p>[\/col_inner]<\/p>\n<p>[\/row_inner]<\/p>\n<p>[\/accordion-item]<\/p>\n<p>[\/accordion]<\/p>\n<p style=\"text-align: center;\"><a href=\"https:\/\/www.xuq.es\/grupo_de_alojamiento_turistico\/faq-preguntas-frecuentes\/\"><span style=\"font-size: 110%;\">FAQ &#8211; PREGUNTAS FRECUENTES<\/span><\/a><\/p>\n<p>[\/col]<\/p>\n<p>[\/row]<\/p>\n<p>[\/section]<\/p>\n","protected":false},"excerpt":{"rendered":"<p>[ux_slider style=\u00bbcontainer\u00bb slide_width=\u00bb100%\u00bb bg_color=\u00bbrgb(0,0,0)\u00bb hide_nav=\u00bbtrue\u00bb pause_hover=\u00bbfalse\u00bb] [ux_banner height=\u00bb100%\u00bb slide_effect=\u00bbzoom-in\u00bb bg=\u00bb5197&#8243; bg_size=\u00bboriginal\u00bb bg_pos=\u00bb40% 52%\u00bb] [text_box animate=\u00bbbounceIn\u00bb position_x=\u00bb50&#8243; position_x__sm=\u00bb5&#8243; position_y=\u00bb50&#8243; text_depth=\u00bb5&#8243;] [title style=\u00bbcenter\u00bb text=\u00bbJASKYNE\u00bb tag_name=\u00bbh1&#8243; size=\u00bb181&#8243;] [\/text_box] [\/ux_banner] [\/ux_slider] [row padding=\u00bb0px 0px 0px 0px\u00bb] [col span__sm=\u00bb12&#8243; padding=\u00bb0px 0px 5px 0px\u00bb margin=\u00bb-147px 0px 0px 0px\u00bb margin__sm=\u00bb-125px 0px 0px 0px\u00bb align=\u00bbcenter\u00bb bg_color=\u00bbrgb(0,0,0)\u00bb color=\u00bblight\u00bb] [\/col] [\/row] [section bg_color=\u00bbrgb(255,255,255)\u00bb padding=\u00bb0px\u00bb] [row] [&hellip;]<\/p>\n","protected":false},"author":1,"featured_media":0,"parent":0,"menu_order":0,"comment_status":"closed","ping_status":"closed","template":"page-transparent-header-light.php","meta":{"footnotes":""},"class_list":["post-4708","page","type-page","status-publish","hentry"],"_links":{"self":[{"href":"https:\/\/xuq.im3dia.net\/grupo_de_alojamiento_turistico\/wp-json\/wp\/v2\/pages\/4708","targetHints":{"allow":["GET"]}}],"collection":[{"href":"https:\/\/xuq.im3dia.net\/grupo_de_alojamiento_turistico\/wp-json\/wp\/v2\/pages"}],"about":[{"href":"https:\/\/xuq.im3dia.net\/grupo_de_alojamiento_turistico\/wp-json\/wp\/v2\/types\/page"}],"author":[{"embeddable":true,"href":"https:\/\/xuq.im3dia.net\/grupo_de_alojamiento_turistico\/wp-json\/wp\/v2\/users\/1"}],"replies":[{"embeddable":true,"href":"https:\/\/xuq.im3dia.net\/grupo_de_alojamiento_turistico\/wp-json\/wp\/v2\/comments?post=4708"}],"version-history":[{"count":3,"href":"https:\/\/xuq.im3dia.net\/grupo_de_alojamiento_turistico\/wp-json\/wp\/v2\/pages\/4708\/revisions"}],"predecessor-version":[{"id":5422,"href":"https:\/\/xuq.im3dia.net\/grupo_de_alojamiento_turistico\/wp-json\/wp\/v2\/pages\/4708\/revisions\/5422"}],"wp:attachment":[{"href":"https:\/\/xuq.im3dia.net\/grupo_de_alojamiento_turistico\/wp-json\/wp\/v2\/media?parent=4708"}],"curies":[{"name":"wp","href":"https:\/\/api.w.org\/{rel}","templated":true}]}}